{"id":11,"date":"2022-06-30T09:51:54","date_gmt":"2022-06-30T09:51:54","guid":{"rendered":"https:\/\/tejidosrecovero.es\/?page_id=11"},"modified":"2022-10-28T12:58:21","modified_gmt":"2022-10-28T10:58:21","slug":"politica-de-cookies","status":"publish","type":"page","link":"https:\/\/tejidosrecovero.es\/en\/politica-de-cookies\/","title":{"rendered":"Cookies policy"},"content":{"rendered":"<div data-elementor-type=\"wp-page\" data-elementor-id=\"11\" class=\"elementor elementor-11\" data-elementor-post-type=\"page\">\n\t\t\t\t\t\t<section class=\"elementor-section elementor-top-section elementor-element elementor-element-2d03905b elementor-section-boxed elementor-section-height-default elementor-section-height-default\" data-id=\"2d03905b\" data-element_type=\"section\" data-settings=\"{&quot;jet_parallax_layout_list&quot;:[{&quot;jet_parallax_layout_image&quot;:{&quot;url&quot;:&quot;&quot;,&quot;id&quot;:&quot;&quot;,&quot;size&quot;:&quot;&quot;},&quot;_id&quot;:&quot;0d128bb&quot;,&quot;jet_parallax_layout_image_tablet&quot;:{&quot;url&quot;:&quot;&quot;,&quot;id&quot;:&quot;&quot;,&quot;size&quot;:&quot;&quot;},&quot;jet_parallax_layout_image_mobile&quot;:{&quot;url&quot;:&quot;&quot;,&quot;id&quot;:&quot;&quot;,&quot;size&quot;:&quot;&quot;},&quot;jet_parallax_layout_speed&quot;:{&quot;unit&quot;:&quot;%&quot;,&quot;size&quot;:50,&quot;sizes&quot;:[]},&quot;jet_parallax_layout_type&quot;:&quot;scroll&quot;,&quot;jet_parallax_layout_direction&quot;:null,&quot;jet_parallax_layout_fx_direction&quot;:null,&quot;jet_parallax_layout_z_index&quot;:&quot;&quot;,&quot;jet_parallax_layout_bg_x&quot;:50,&quot;jet_parallax_layout_bg_x_tablet&quot;:&quot;&quot;,&quot;jet_parallax_layout_bg_x_mobile&quot;:&quot;&quot;,&quot;jet_parallax_layout_bg_y&quot;:50,&quot;jet_parallax_layout_bg_y_tablet&quot;:&quot;&quot;,&quot;jet_parallax_layout_bg_y_mobile&quot;:&quot;&quot;,&quot;jet_parallax_layout_bg_size&quot;:&quot;auto&quot;,&quot;jet_parallax_layout_bg_size_tablet&quot;:&quot;&quot;,&quot;jet_parallax_layout_bg_size_mobile&quot;:&quot;&quot;,&quot;jet_parallax_layout_animation_prop&quot;:&quot;transform&quot;,&quot;jet_parallax_layout_on&quot;:[&quot;desktop&quot;,&quot;tablet&quot;]}]}\">\n\t\t\t\t\t\t<div class=\"elementor-container elementor-column-gap-default\">\n\t\t\t\t\t<div class=\"aux-parallax-section elementor-column elementor-col-100 elementor-top-column elementor-element elementor-element-1ae655ed\" data-id=\"1ae655ed\" data-element_type=\"column\">\n\t\t\t<div class=\"elementor-widget-wrap elementor-element-populated\">\n\t\t\t\t\t\t<div class=\"elementor-element elementor-element-1de2f9 elementor-widget elementor-widget-heading\" data-id=\"1de2f9\" data-element_type=\"widget\" data-widget_type=\"heading.default\">\n\t\t\t\t<div class=\"elementor-widget-container\">\n\t\t\t<h2 class=\"elementor-heading-title elementor-size-default\">Cookies policy<\/h2>\t\t<\/div>\n\t\t\t\t<\/div>\n\t\t\t\t<div class=\"elementor-element elementor-element-7dcb3bef elementor-widget-divider--view-line_icon elementor-widget-divider--element-align-left elementor-view-default elementor-widget elementor-widget-divider\" data-id=\"7dcb3bef\" data-element_type=\"widget\" data-widget_type=\"divider.default\">\n\t\t\t\t<div class=\"elementor-widget-container\">\n\t\t\t\t\t<div class=\"elementor-divider\">\n\t\t\t<span class=\"elementor-divider-separator\">\n\t\t\t\t\t\t\t<div class=\"elementor-icon elementor-divider__element\">\n\t\t\t\t\t<i aria-hidden=\"true\" class=\"fas fa-scroll\"><\/i><\/div>\n\t\t\t\t\t\t<\/span>\n\t\t<\/div>\n\t\t\t\t<\/div>\n\t\t\t\t<\/div>\n\t\t\t\t<section class=\"elementor-section elementor-inner-section elementor-element elementor-element-76a2923a elementor-section-boxed elementor-section-height-default elementor-section-height-default\" data-id=\"76a2923a\" data-element_type=\"section\" data-settings=\"{&quot;jet_parallax_layout_list&quot;:[{&quot;jet_parallax_layout_image&quot;:{&quot;url&quot;:&quot;&quot;,&quot;id&quot;:&quot;&quot;,&quot;size&quot;:&quot;&quot;},&quot;_id&quot;:&quot;687199a&quot;,&quot;jet_parallax_layout_image_tablet&quot;:{&quot;url&quot;:&quot;&quot;,&quot;id&quot;:&quot;&quot;,&quot;size&quot;:&quot;&quot;},&quot;jet_parallax_layout_image_mobile&quot;:{&quot;url&quot;:&quot;&quot;,&quot;id&quot;:&quot;&quot;,&quot;size&quot;:&quot;&quot;},&quot;jet_parallax_layout_speed&quot;:{&quot;unit&quot;:&quot;%&quot;,&quot;size&quot;:50,&quot;sizes&quot;:[]},&quot;jet_parallax_layout_type&quot;:&quot;scroll&quot;,&quot;jet_parallax_layout_direction&quot;:null,&quot;jet_parallax_layout_fx_direction&quot;:null,&quot;jet_parallax_layout_z_index&quot;:&quot;&quot;,&quot;jet_parallax_layout_bg_x&quot;:50,&quot;jet_parallax_layout_bg_x_tablet&quot;:&quot;&quot;,&quot;jet_parallax_layout_bg_x_mobile&quot;:&quot;&quot;,&quot;jet_parallax_layout_bg_y&quot;:50,&quot;jet_parallax_layout_bg_y_tablet&quot;:&quot;&quot;,&quot;jet_parallax_layout_bg_y_mobile&quot;:&quot;&quot;,&quot;jet_parallax_layout_bg_size&quot;:&quot;auto&quot;,&quot;jet_parallax_layout_bg_size_tablet&quot;:&quot;&quot;,&quot;jet_parallax_layout_bg_size_mobile&quot;:&quot;&quot;,&quot;jet_parallax_layout_animation_prop&quot;:&quot;transform&quot;,&quot;jet_parallax_layout_on&quot;:[&quot;desktop&quot;,&quot;tablet&quot;]}]}\">\n\t\t\t\t\t\t<div class=\"elementor-container elementor-column-gap-default\">\n\t\t\t\t\t<div class=\"aux-parallax-section elementor-column elementor-col-50 elementor-inner-column elementor-element elementor-element-5c7c9222\" data-id=\"5c7c9222\" data-element_type=\"column\">\n\t\t\t<div class=\"elementor-widget-wrap elementor-element-populated\">\n\t\t\t\t\t\t<div class=\"elementor-element elementor-element-74204c52 elementor-icon-list--layout-traditional elementor-list-item-link-full_width elementor-widget elementor-widget-icon-list\" data-id=\"74204c52\" data-element_type=\"widget\" data-widget_type=\"icon-list.default\">\n\t\t\t\t<div class=\"elementor-widget-container\">\n\t\t\t\t\t<ul class=\"elementor-icon-list-items\">\n\t\t\t\t\t\t\t<li class=\"elementor-icon-list-item\">\n\t\t\t\t\t\t\t\t\t\t\t<a href=\"#1\">\n\n\t\t\t\t\t\t\t\t\t\t\t\t<span class=\"elementor-icon-list-icon\">\n\t\t\t\t\t\t\t<i aria-hidden=\"true\" class=\"fas fa-arrow-circle-right\"><\/i>\t\t\t\t\t\t<\/span>\n\t\t\t\t\t\t\t\t\t\t<span class=\"elementor-icon-list-text\">DEFINITION OF COOKIES<\/span>\n\t\t\t\t\t\t\t\t\t\t\t<\/a>\n\t\t\t\t\t\t\t\t\t<\/li>\n\t\t\t\t\t\t\t\t<li class=\"elementor-icon-list-item\">\n\t\t\t\t\t\t\t\t\t\t\t<a href=\"#2\">\n\n\t\t\t\t\t\t\t\t\t\t\t\t<span class=\"elementor-icon-list-icon\">\n\t\t\t\t\t\t\t<i aria-hidden=\"true\" class=\"fas fa-arrow-circle-right\"><\/i>\t\t\t\t\t\t<\/span>\n\t\t\t\t\t\t\t\t\t\t<span class=\"elementor-icon-list-text\">COOKIES USED<\/span>\n\t\t\t\t\t\t\t\t\t\t\t<\/a>\n\t\t\t\t\t\t\t\t\t<\/li>\n\t\t\t\t\t\t\t\t<li class=\"elementor-icon-list-item\">\n\t\t\t\t\t\t\t\t\t\t\t<a href=\"#3\">\n\n\t\t\t\t\t\t\t\t\t\t\t\t<span class=\"elementor-icon-list-icon\">\n\t\t\t\t\t\t\t<i aria-hidden=\"true\" class=\"fas fa-arrow-circle-right\"><\/i>\t\t\t\t\t\t<\/span>\n\t\t\t\t\t\t\t\t\t\t<span class=\"elementor-icon-list-text\">Preference cookies<\/span>\n\t\t\t\t\t\t\t\t\t\t\t<\/a>\n\t\t\t\t\t\t\t\t\t<\/li>\n\t\t\t\t\t\t\t\t<li class=\"elementor-icon-list-item\">\n\t\t\t\t\t\t\t\t\t\t\t<a href=\"#4\">\n\n\t\t\t\t\t\t\t\t\t\t\t\t<span class=\"elementor-icon-list-icon\">\n\t\t\t\t\t\t\t<i aria-hidden=\"true\" class=\"fas fa-arrow-circle-right\"><\/i>\t\t\t\t\t\t<\/span>\n\t\t\t\t\t\t\t\t\t\t<span class=\"elementor-icon-list-text\">Statistics cookies<\/span>\n\t\t\t\t\t\t\t\t\t\t\t<\/a>\n\t\t\t\t\t\t\t\t\t<\/li>\n\t\t\t\t\t\t\t\t<li class=\"elementor-icon-list-item\">\n\t\t\t\t\t\t\t\t\t\t\t<a href=\"#5\">\n\n\t\t\t\t\t\t\t\t\t\t\t\t<span class=\"elementor-icon-list-icon\">\n\t\t\t\t\t\t\t<i aria-hidden=\"true\" class=\"fas fa-arrow-circle-right\"><\/i>\t\t\t\t\t\t<\/span>\n\t\t\t\t\t\t\t\t\t\t<span class=\"elementor-icon-list-text\">Marketing cookies<\/span>\n\t\t\t\t\t\t\t\t\t\t\t<\/a>\n\t\t\t\t\t\t\t\t\t<\/li>\n\t\t\t\t\t\t\t\t<li class=\"elementor-icon-list-item\">\n\t\t\t\t\t\t\t\t\t\t\t<a href=\"#6\">\n\n\t\t\t\t\t\t\t\t\t\t\t\t<span class=\"elementor-icon-list-icon\">\n\t\t\t\t\t\t\t<i aria-hidden=\"true\" class=\"fas fa-arrow-circle-right\"><\/i>\t\t\t\t\t\t<\/span>\n\t\t\t\t\t\t\t\t\t\t<span class=\"elementor-icon-list-text\">How to disable Cookies in the main browsers<\/span>\n\t\t\t\t\t\t\t\t\t\t\t<\/a>\n\t\t\t\t\t\t\t\t\t<\/li>\n\t\t\t\t\t\t<\/ul>\n\t\t\t\t<\/div>\n\t\t\t\t<\/div>\n\t\t\t\t\t<\/div>\n\t\t<\/div>\n\t\t\t\t<div class=\"aux-parallax-section elementor-column elementor-col-50 elementor-inner-column elementor-element elementor-element-2f216b26\" data-id=\"2f216b26\" data-element_type=\"column\">\n\t\t\t<div class=\"elementor-widget-wrap\">\n\t\t\t\t\t\t\t<\/div>\n\t\t<\/div>\n\t\t\t\t\t<\/div>\n\t\t<\/section>\n\t\t\t\t<div class=\"elementor-element elementor-element-40f23491 elementor-widget elementor-widget-spacer\" data-id=\"40f23491\" data-element_type=\"widget\" data-widget_type=\"spacer.default\">\n\t\t\t\t<div class=\"elementor-widget-container\">\n\t\t\t\t\t<div class=\"elementor-spacer\">\n\t\t\t<div class=\"elementor-spacer-inner\"><\/div>\n\t\t<\/div>\n\t\t\t\t<\/div>\n\t\t\t\t<\/div>\n\t\t\t\t<div class=\"elementor-element elementor-element-57485947 elementor-widget elementor-widget-menu-anchor\" data-id=\"57485947\" data-element_type=\"widget\" data-widget_type=\"menu-anchor.default\">\n\t\t\t\t<div class=\"elementor-widget-container\">\n\t\t\t\t\t<div class=\"elementor-menu-anchor\" id=\"1\"><\/div>\n\t\t\t\t<\/div>\n\t\t\t\t<\/div>\n\t\t\t\t<div class=\"elementor-element elementor-element-3b00ca4f elementor-widget elementor-widget-text-editor\" data-id=\"3b00ca4f\" data-element_type=\"widget\" data-widget_type=\"text-editor.default\">\n\t\t\t\t<div class=\"elementor-widget-container\">\n\t\t\t\t\t\t\t<h4><strong>DEFINITION OF COOKIES<\/strong><\/h4><p>Cookies are identifiers that we send to your computer&#039;s hard drive through your Web browser so that our systems can recognize your browser and offer you certain services.<\/p><p>This page uses different types of cookies. Some cookies are placed by third party services that appear on our pages.<\/p><p>Below we indicate the cookies used by this page.<\/p>\t\t\t\t\t\t<\/div>\n\t\t\t\t<\/div>\n\t\t\t\t<div class=\"elementor-element elementor-element-13807632 elementor-widget elementor-widget-menu-anchor\" data-id=\"13807632\" data-element_type=\"widget\" data-widget_type=\"menu-anchor.default\">\n\t\t\t\t<div class=\"elementor-widget-container\">\n\t\t\t\t\t<div class=\"elementor-menu-anchor\" id=\"2\"><\/div>\n\t\t\t\t<\/div>\n\t\t\t\t<\/div>\n\t\t\t\t<div class=\"elementor-element elementor-element-2ad53a0f elementor-widget elementor-widget-text-editor\" data-id=\"2ad53a0f\" data-element_type=\"widget\" data-widget_type=\"text-editor.default\">\n\t\t\t\t<div class=\"elementor-widget-container\">\n\t\t\t\t\t\t\t<h4>COOKIES USED<\/h4><p><strong>Necessary cookies<\/strong><\/p><p>Necessary cookies help make a website usable by enabling basic functions such as page navigation and access to secure areas of the website. The website cannot function properly without these cookies.<\/p><table width=\"97%\"><tbody><tr><td width=\"14%\"><p><strong>Name<\/strong><\/p><\/td><td width=\"23%\"><p><strong>Supplier<\/strong><\/p><\/td><td width=\"24%\"><p><strong>Purpose<\/strong><\/p><\/td><td width=\"37%\"><p><strong>Expiration<\/strong><\/p><\/td><\/tr><tr><td width=\"14%\"><p>cookie-agreed<\/p><\/td><td width=\"23%\"><p>\u00a0<\/p><\/td><td width=\"24%\"><p>Know if, for example, the user has accepted the cookie warning.<\/p><\/td><td width=\"37%\"><p>3 months<\/p><\/td><\/tr><\/tbody><\/table>\t\t\t\t\t\t<\/div>\n\t\t\t\t<\/div>\n\t\t\t\t<div class=\"elementor-element elementor-element-7d552f8c elementor-widget elementor-widget-menu-anchor\" data-id=\"7d552f8c\" data-element_type=\"widget\" data-widget_type=\"menu-anchor.default\">\n\t\t\t\t<div class=\"elementor-widget-container\">\n\t\t\t\t\t<div class=\"elementor-menu-anchor\" id=\"3\"><\/div>\n\t\t\t\t<\/div>\n\t\t\t\t<\/div>\n\t\t\t\t<div class=\"elementor-element elementor-element-5e1c6418 elementor-widget elementor-widget-text-editor\" data-id=\"5e1c6418\" data-element_type=\"widget\" data-widget_type=\"text-editor.default\">\n\t\t\t\t<div class=\"elementor-widget-container\">\n\t\t\t\t\t\t\t<h4>PREFERRED COOKIES<\/h4><p>Preference cookies allow the website to remember information that changes the way the website behaves or looks, such as your preferred language or the region you are located in.<\/p>\t\t\t\t\t\t<\/div>\n\t\t\t\t<\/div>\n\t\t\t\t<div class=\"elementor-element elementor-element-748915b2 elementor-widget elementor-widget-menu-anchor\" data-id=\"748915b2\" data-element_type=\"widget\" data-widget_type=\"menu-anchor.default\">\n\t\t\t\t<div class=\"elementor-widget-container\">\n\t\t\t\t\t<div class=\"elementor-menu-anchor\" id=\"4\"><\/div>\n\t\t\t\t<\/div>\n\t\t\t\t<\/div>\n\t\t\t\t<div class=\"elementor-element elementor-element-3a04f9ea elementor-widget elementor-widget-text-editor\" data-id=\"3a04f9ea\" data-element_type=\"widget\" data-widget_type=\"text-editor.default\">\n\t\t\t\t<div class=\"elementor-widget-container\">\n\t\t\t\t\t\t\t<h4><strong>STATISTICS COOKIES<\/strong><\/h4><p>Statistical cookies help website owners understand how visitors interact with websites by collecting and providing information anonymously.<\/p><table width=\"97%\"><tbody><tr><td width=\"14%\"><p><strong>Name<\/strong><\/p><\/td><td width=\"23%\"><p><strong>Supplier<\/strong><\/p><\/td><td width=\"24%\"><p><strong>Purpose<\/strong><\/p><\/td><td width=\"37%\"><p><strong>Expiration<\/strong><\/p><\/td><\/tr><tr><td width=\"14%\"><p>_ga<\/p><\/td><td width=\"23%\"><p>\u00a0<\/p><\/td><td width=\"24%\"><p>Registers a unique ID that is used to generate statistical data about how the visitor uses the website<\/p><\/td><td width=\"37%\"><p>2 years<\/p><\/td><\/tr><tr><td width=\"14%\"><p>_gid<\/p><\/td><td width=\"23%\"><p>\u00a0<\/p><\/td><td width=\"24%\"><p>Registers a unique ID that is used to generate statistical data about how the visitor uses the website.<\/p><\/td><td width=\"37%\"><p>1 day<\/p><\/td><\/tr><tr><td width=\"14%\"><p>_gat<\/p><\/td><td width=\"23%\"><p>\u00a0<\/p><\/td><td width=\"24%\"><p>Used to limit the percentage of requests<\/p><\/td><td width=\"37%\"><p>Session cookie<\/p><\/td><\/tr><\/tbody><\/table>\t\t\t\t\t\t<\/div>\n\t\t\t\t<\/div>\n\t\t\t\t<div class=\"elementor-element elementor-element-11a5f658 elementor-widget elementor-widget-menu-anchor\" data-id=\"11a5f658\" data-element_type=\"widget\" data-widget_type=\"menu-anchor.default\">\n\t\t\t\t<div class=\"elementor-widget-container\">\n\t\t\t\t\t<div class=\"elementor-menu-anchor\" id=\"5\"><\/div>\n\t\t\t\t<\/div>\n\t\t\t\t<\/div>\n\t\t\t\t<div class=\"elementor-element elementor-element-32f2ce87 elementor-widget elementor-widget-text-editor\" data-id=\"32f2ce87\" data-element_type=\"widget\" data-widget_type=\"text-editor.default\">\n\t\t\t\t<div class=\"elementor-widget-container\">\n\t\t\t\t\t\t\t<h4><strong>MARKETING COOKIES<\/strong><\/h4><p>Marketing cookies are used to track visitors on web pages. The intention is to display ads that are relevant and engaging to the individual user, and therefore more valuable to publishers and third-party advertisers.<\/p>\t\t\t\t\t\t<\/div>\n\t\t\t\t<\/div>\n\t\t\t\t<div class=\"elementor-element elementor-element-23f827ea elementor-widget elementor-widget-menu-anchor\" data-id=\"23f827ea\" data-element_type=\"widget\" data-widget_type=\"menu-anchor.default\">\n\t\t\t\t<div class=\"elementor-widget-container\">\n\t\t\t\t\t<div class=\"elementor-menu-anchor\" id=\"6\"><\/div>\n\t\t\t\t<\/div>\n\t\t\t\t<\/div>\n\t\t\t\t<div class=\"elementor-element elementor-element-18a476b0 elementor-widget elementor-widget-text-editor\" data-id=\"18a476b0\" data-element_type=\"widget\" data-widget_type=\"text-editor.default\">\n\t\t\t\t<div class=\"elementor-widget-container\">\n\t\t\t\t\t\t\t<h4>HOW TO DISABLE COOKIES IN MAIN BROWSERS<\/h4><p>It is usually possible to stop accepting Cookies from the browser, or stop accepting Cookies from a particular Service.<\/p><p>All modern browsers allow you to change Cookie settings. These settings are usually found in the &#039;Options&#039; or &#039;Preferences&#039; menu of your browser. You can also configure your browser or email manager.<\/p><p>The following provides guidance to the User on the steps to access the cookie configuration menu and, where applicable, private browsing in each of the main browsers:<\/p><p><strong>Internet Explorer:<\/strong>\u00a0Tools -&gt; Internet Options -&gt; Privacy -&gt; Settings. For more information, you can consult the\u00a0<a href=\"http:\/\/windows.microsoft.com\/es-ES\/windows\/support\" target=\"_blank\" rel=\"noopener\">Microsoft support<\/a>\u00a0or the browser Help.<\/p><p><strong>Firefox:<\/strong>\u00a0Tools -&gt; Options -&gt; Privacy -&gt; History -&gt; Custom Settings. For more information, you can consult the\u00a0<a href=\"http:\/\/support.mozilla.org\/es\/home\" target=\"_blank\" rel=\"noopener\">Mozilla support<\/a>\u00a0or the browser Help.<\/p><p><strong>Chrome:<\/strong>\u00a0Settings -&gt; Show advanced options -&gt; Privacy -&gt; Content settings. For more information, you can consult the\u00a0<a href=\"http:\/\/support.google.com\/chrome\/?hl=es\" target=\"_blank\" rel=\"noopener\">Google support<\/a>\u00a0or the browser Help.<\/p><p><strong>Safari:<\/strong>\u00a0Preferences -&gt; Security. For more information, you can consult the\u00a0<a href=\"http:\/\/www.apple.com\/es\/support\/safari\/\" target=\"_blank\" rel=\"noopener\">apple support<\/a>\u00a0or the browser Help.<\/p><p><strong>What happens if Cookies are disabled?<\/strong><\/p><p>Some functionalities of the Services will be disabled, such as remaining identified, keeping purchases in the \u201cshopping cart,\u201d etc.<\/p>\t\t\t\t\t\t<\/div>\n\t\t\t\t<\/div>\n\t\t\t\t\t<\/div>\n\t\t<\/div>\n\t\t\t\t\t<\/div>\n\t\t<\/section>\n\t\t\t\t<\/div>","protected":false},"excerpt":{"rendered":"<p>Pol\u00edtica de cookies DEFINICI\u00d3N DE COOKIES COOKIES UTILIZADAS Cookies de preferencias Cookies de estad\u00edsticas Cookies de m\u00e1rketing C\u00f3mo deshabilitar las Cookies en los principales navegadores DEFINICI\u00d3N DE COOKIES Las cookies son identificadores que enviamos al disco duro de su ordenador a trav\u00e9s de su navegador Web con el fin de que nuestros sistemas puedan reconocer [&hellip;]<\/p>","protected":false},"author":2,"featured_media":0,"parent":0,"menu_order":0,"comment_status":"closed","ping_status":"closed","template":"elementor_header_footer","meta":{"footnotes":""},"class_list":["post-11","page","type-page","status-publish","hentry"],"_links":{"self":[{"href":"https:\/\/tejidosrecovero.es\/en\/wp-json\/wp\/v2\/pages\/11","targetHints":{"allow":["GET"]}}],"collection":[{"href":"https:\/\/tejidosrecovero.es\/en\/wp-json\/wp\/v2\/pages"}],"about":[{"href":"https:\/\/tejidosrecovero.es\/en\/wp-json\/wp\/v2\/types\/page"}],"author":[{"embeddable":true,"href":"https:\/\/tejidosrecovero.es\/en\/wp-json\/wp\/v2\/users\/2"}],"replies":[{"embeddable":true,"href":"https:\/\/tejidosrecovero.es\/en\/wp-json\/wp\/v2\/comments?post=11"}],"version-history":[{"count":8,"href":"https:\/\/tejidosrecovero.es\/en\/wp-json\/wp\/v2\/pages\/11\/revisions"}],"predecessor-version":[{"id":55,"href":"https:\/\/tejidosrecovero.es\/en\/wp-json\/wp\/v2\/pages\/11\/revisions\/55"}],"wp:attachment":[{"href":"https:\/\/tejidosrecovero.es\/en\/wp-json\/wp\/v2\/media?parent=11"}],"curies":[{"name":"wp","href":"https:\/\/api.w.org\/{rel}","templated":true}]}}